{"id":11,"date":"2014-06-23T20:27:29","date_gmt":"2014-06-23T18:27:29","guid":{"rendered":"http:\/\/xn--bernhardstber-kfb.de\/?page_id=11"},"modified":"2021-06-03T15:47:10","modified_gmt":"2021-06-03T13:47:10","slug":"kurzbiographie","status":"publish","type":"page","link":"http:\/\/xn--bernhardstber-kfb.de\/?page_id=11","title":{"rendered":"I Biographie"},"content":{"rendered":"<p style=\"text-align: center;\"><a href=\"http:\/\/xn--bernhardstber-kfb.de\/wp-content\/uploads\/2014\/06\/Vester\u00e5len2.jpg\"><img loading=\"lazy\" decoding=\"async\" class=\"aligncenter wp-image-202\" src=\"http:\/\/xn--bernhardstber-kfb.de\/wp-content\/uploads\/2014\/06\/Vester\u00e5len2-300x141.jpg\" alt=\"\" width=\"719\" height=\"338\" srcset=\"http:\/\/xn--bernhardstber-kfb.de\/wp-content\/uploads\/2014\/06\/Vester\u00e5len2-300x141.jpg 300w, http:\/\/xn--bernhardstber-kfb.de\/wp-content\/uploads\/2014\/06\/Vester\u00e5len2-768x361.jpg 768w, http:\/\/xn--bernhardstber-kfb.de\/wp-content\/uploads\/2014\/06\/Vester\u00e5len2-1024x482.jpg 1024w\" sizes=\"auto, (max-width: 719px) 100vw, 719px\" \/><\/a><\/p>\n<p style=\"text-align: justify;\">Ich wurde 1967 in M\u00fcnchen geboren und schreibe Romane, bisher haupts\u00e4chlich im Genre Epic Fantasy und Thriller. Schon als Kind erfand ich mit Leidenschaft Erz\u00e4hlungen, zuerst handschriftlich, sp\u00e4ter riss ich mir daf\u00fcr die Reiseschreibmaschine meiner Eltern unter den Nagel oder besprach Tonb\u00e4nder.<\/p>\n<p style=\"text-align: justify;\">Vor der Ver\u00f6ffentlichung meines ersten Buches verfasste ich vor allem Artikel und Essays zu Themen wie Mythologie, Anthropologie und Naturreligionen f\u00fcr verschiedene Zeitschriften. Seit ich zur\u00fcckdenken kann, war ich an den Mythologien der unterschiedlichsten V\u00f6lker interessiert. In Mythen und Sagen finde ich immer wieder Inspirationen f\u00fcr meine Arbeit im Fantasy \u2013 und Thrillergenre.<\/p>\n<p style=\"text-align: justify;\">Mein erster Fantasyroman, \u201e<a href=\"http:\/\/www.amazon.de\/Der-Harfner-Geschichtenerz\u00e4hler-Robin-Gates-ebook\/dp\/B006WSJP82\/ref=sr_1_3?ie=UTF8&amp;qid=1401370282&amp;sr=8-3&amp;keywords=Robin+Gates+Harfner+geschichtenerz\u00e4hler\" target=\"_blank\" rel=\"noopener\">Der Harfner und der Geschichtenerz\u00e4hler<\/a>\u201c, wurde zwischen 2003 und 2004 vom Heiden Verlag Hamburg unter meinem Autorenpseudonym Robin Gates in drei B\u00e4nden herausgebracht. Seine Handlung findet in der fiktiven Welt Runland statt. Seit 2011 ist dieser Roman in einer \u00fcberarbeiteten Fassung als Gesamtausgabe in E-Book \u2013 Form erh\u00e4ltlich.<\/p>\n<p style=\"text-align: justify;\">In dieselbe Welt kehrte ich f\u00fcr meine nachfolgende Romanserie \u201cRunlandsaga\u201d zur\u00fcck. Die vier Teile, \u201e<a href=\"http:\/\/www.amazon.de\/Sturm-Serephin-Runlandsaga-Bd-1\/dp\/3902607025\/ref=sr_1_1?ie=UTF8&amp;qid=1401369821&amp;sr=8-1&amp;keywords=Robin+Gates\" target=\"_blank\" rel=\"noopener\">Sturm der Serephin<\/a>\u201c, \u201e<a href=\"http:\/\/www.amazon.de\/Feuer-Norden-Runlandsaga-Robin-Gates\/dp\/3902607149\/ref=sr_1_3?ie=UTF8&amp;qid=1401369821&amp;sr=8-3&amp;keywords=Robin+Gates\" target=\"_blank\" rel=\"noopener\">Feuer im Norden<\/a>\u201c, \u201e<a href=\"http:\/\/www.amazon.de\/Wolfzeit-Runlandsaga-BD-Robin-Gates\/dp\/3902607173\/ref=sr_1_1?ie=UTF8&amp;qid=1401369942&amp;sr=8-1&amp;keywords=Robin+Gates+Wolfzeit\" target=\"_blank\" rel=\"noopener\">Wolfzeit<\/a>\u201c und \u201e<a href=\"http:\/\/www.amazon.de\/Runlandsaga-4-Schicksalsfestung-Robin-Gates\/dp\/3800095289\/ref=sr_1_1?ie=UTF8&amp;qid=1401370026&amp;sr=8-1&amp;keywords=Robin+Gates+Schicksalsfestung\" target=\"_blank\" rel=\"noopener\">Die Schicksalsfestung<\/a>\u201c wurden zwischen 2008 und 2010 im Otherworld Verlag ver\u00f6ffentlicht.<\/p>\n<p style=\"text-align: justify;\">Im Juni 2012 erschien im Verlag Carl Ueberreuter ebenfalls unter meinem Pseudonym Robin Gates mein erster Urban Fantasy Roman, \u201e<a href=\"http:\/\/www.amazon.de\/Dilmun-ewigen-Lebens-Robin-Gates\/dp\/3800056895\/ref=sr_1_1_bnp_1_per?ie=UTF8&amp;qid=1401370230&amp;sr=8-1&amp;keywords=Robin+Gates+dilmun\" target=\"_blank\" rel=\"noopener\">Dilmun \u2013 J\u00e4ger des ewigen Lebens<\/a>\u201c. Mein bisher letzter Fantasyroman als Robin Gates, \u201e<a href=\"http:\/\/www.amazon.de\/Feuermuse-Fantasy-im-GMEINER-Verlag-ebook\/dp\/B00WMECTQK\" target=\"_blank\" rel=\"noopener\">Feuermuse\u201c<\/a>, erschien im August 2015 im Gmeiner Verlag als E-Book und kam 2016 auf die Longlist f\u00fcr den deutschen Fantasypreis &#8220;Seraph&#8221;. Im Oktober 2016 erschien die Printversion dieses Romans in der <a href=\"https:\/\/www.roterdrache.org\/cms\/shop\/\">Edition Roter Drache<\/a>.<\/p>\n<p style=\"text-align: justify;\">Im November 2014 kam im Verlag Egmont LYX mein erster Thriller \u201e<a href=\"http:\/\/www.amazon.de\/Vaters-unbekanntes-Land-Bernhard-St\u00e4ber\/dp\/3802595793\/ref=sr_1_1_bnp_1_pap?ie=UTF8&amp;qid=1401370440&amp;sr=8-1&amp;keywords=Bernhard+St\u00e4ber\" target=\"_blank\" rel=\"noopener\">Vaters unbekanntes Land<\/a>\u201c unter meinem Klarnamen Bernhard St\u00e4ber heraus. Ein Jahr sp\u00e4ter, im November 2015, erschien der zweite Band der Thrillerserie um den\u00a0Deutsch-Norweger Arne Eriksen, \u201e<a href=\"http:\/\/www.amazon.de\/Kalt-wie-Nordlicht-Bernhard-St%C3%A4ber\/dp\/3802595890\/ref=sr_1_1_twi_pap_2?s=books&amp;ie=UTF8&amp;qid=1447699573&amp;sr=1-1&amp;keywords=Kalt+wie+Nordlicht\" target=\"_blank\" rel=\"noopener\">Kalt wie Nordlicht\u201c<\/a>. Im folgenden Jahr wechselte ich mit dieser Serie von LYX zu Bastei L\u00fcbbe. Der dritte Band, <a href=\"https:\/\/www.luebbe.de\/bastei-entertainment\/buecher\/thriller\/kein-guter-ort\/id_6496236\">&#8220;Kein guter Ort&#8221;<\/a>, ist seit Mitte August 2017 im Buchhandel erh\u00e4ltlich. Nach dem Abschluss dieser Reihe ver\u00f6ffentlichte ich im Herbst 2019 den Oslothriller &#8220;<a href=\"https:\/\/www.amazon.de\/-\/en\/Bernhard-St%C3%A4ber\/dp\/3862826503\/ref=tmm_pap_swatch_0?_encoding=UTF8&amp;qid=1622726829&amp;sr=1-1\">Raubtierstadt<\/a>&#8221; im Acabus Verlag. Im Mai 2020 erschien in der Edition Roter Drache unter meinem Klarnamen der erste Band des Urban Fantasy-Zweiteilers &#8220;W\u00e4chter der Weltenschlange&#8221; mit dem Titel &#8220;<a href=\"https:\/\/www.amazon.de\/-\/en\/Bernhard-St%C3%A4ber\/dp\/3946425917\/ref=sr_1_2?dchild=1&amp;keywords=w%C3%A4chter+der+weltenschlange&amp;qid=1622727907&amp;s=books&amp;sr=1-2\">Jormungands Erbe<\/a>&#8220;. Der zweite Teil mit dem Titel &#8220;<a href=\"https:\/\/www.amazon.de\/-\/en\/Bernhard-St%C3%A4ber\/dp\/3968150163\/ref=sr_1_1?dchild=1&amp;keywords=w%C3%A4chter+der+weltenschlange&amp;qid=1622727849&amp;s=books&amp;sr=1-1\">Midgards Schild<\/a>&#8221; kam ein Jahr sp\u00e4ter in den Handel.<\/p>\n<p style=\"text-align: justify;\">Auf dieser Homepage finden sich Neuigkeiten \u00fcber meine aktuellen Romane. Wer sich f\u00fcr meine fr\u00fcheren Ver\u00f6ffentlichungen unter dem Pseudonym Robin Gates interessiert, dem empfehle ich einen Blick auf meine gleichnamige <a href=\"http:\/\/www.robingates.de\/\">Autorenhomepage<\/a>.<\/p>\n\n","protected":false},"excerpt":{"rendered":"<p>Ich wurde 1967 in M\u00fcnchen geboren und schreibe Romane, bisher haupts\u00e4chlich im Genre Epic Fantasy und Thriller. Schon als Kind erfand ich mit Leidenschaft Erz\u00e4hlungen, zuerst handschriftlich, sp\u00e4ter riss ich mir daf\u00fcr die Reiseschreibmaschine meiner Eltern unter den Nagel oder &hellip; <a href=\"http:\/\/xn--bernhardstber-kfb.de\/?page_id=11\">Continue reading <span class=\"meta-nav\">&rarr;<\/span><\/a><\/p>\n","protected":false},"author":1,"featured_media":0,"parent":0,"menu_order":1,"comment_status":"closed","ping_status":"closed","template":"","meta":{"footnotes":""},"class_list":["post-11","page","type-page","status-publish","hentry"],"_links":{"self":[{"href":"http:\/\/xn--bernhardstber-kfb.de\/index.php?rest_route=\/wp\/v2\/pages\/11","targetHints":{"allow":["GET"]}}],"collection":[{"href":"http:\/\/xn--bernhardstber-kfb.de\/index.php?rest_route=\/wp\/v2\/pages"}],"about":[{"href":"http:\/\/xn--bernhardstber-kfb.de\/index.php?rest_route=\/wp\/v2\/types\/page"}],"author":[{"embeddable":true,"href":"http:\/\/xn--bernhardstber-kfb.de\/index.php?rest_route=\/wp\/v2\/users\/1"}],"replies":[{"embeddable":true,"href":"http:\/\/xn--bernhardstber-kfb.de\/index.php?rest_route=%2Fwp%2Fv2%2Fcomments&post=11"}],"version-history":[{"count":13,"href":"http:\/\/xn--bernhardstber-kfb.de\/index.php?rest_route=\/wp\/v2\/pages\/11\/revisions"}],"predecessor-version":[{"id":237,"href":"http:\/\/xn--bernhardstber-kfb.de\/index.php?rest_route=\/wp\/v2\/pages\/11\/revisions\/237"}],"wp:attachment":[{"href":"http:\/\/xn--bernhardstber-kfb.de\/index.php?rest_route=%2Fwp%2Fv2%2Fmedia&parent=11"}],"curies":[{"name":"wp","href":"https:\/\/api.w.org\/{rel}","templated":true}]}}