{"id":18,"date":"2014-06-23T20:33:27","date_gmt":"2014-06-23T18:33:27","guid":{"rendered":"http:\/\/xn--bernhardstber-kfb.de\/?page_id=18"},"modified":"2021-06-03T18:04:36","modified_gmt":"2021-06-03T16:04:36","slug":"i-veranstaltungen","status":"publish","type":"page","link":"http:\/\/xn--bernhardstber-kfb.de\/?page_id=18","title":{"rendered":"I Veranstaltungen"},"content":{"rendered":"<div title=\"Page 17\">\n<div>\n<p>Aufgrund der momentanen Pandemie bin ich seit M\u00e4rz 2020, als ich meinen Besuch der Buchmesse Leipzig absagen musste, nicht mehr au\u00dferhalb von Norwegen gewesen. Sobald ich wieder f\u00fcr Lesungen nach Deutschland kommen kann, werde ich diese Seite mit Terminen aktualisieren.<\/p>\n<\/div>\n<\/div>\n","protected":false},"excerpt":{"rendered":"<p>Aufgrund der momentanen Pandemie bin ich seit M\u00e4rz 2020, als ich meinen Besuch der Buchmesse Leipzig absagen musste, nicht mehr au\u00dferhalb von Norwegen gewesen. Sobald ich wieder f\u00fcr Lesungen nach Deutschland kommen kann, werde ich diese Seite mit Terminen aktualisieren.<\/p>\n","protected":false},"author":1,"featured_media":0,"parent":0,"menu_order":4,"comment_status":"closed","ping_status":"closed","template":"","meta":{"footnotes":""},"class_list":["post-18","page","type-page","status-publish","hentry"],"_links":{"self":[{"href":"http:\/\/xn--bernhardstber-kfb.de\/index.php?rest_route=\/wp\/v2\/pages\/18","targetHints":{"allow":["GET"]}}],"collection":[{"href":"http:\/\/xn--bernhardstber-kfb.de\/index.php?rest_route=\/wp\/v2\/pages"}],"about":[{"href":"http:\/\/xn--bernhardstber-kfb.de\/index.php?rest_route=\/wp\/v2\/types\/page"}],"author":[{"embeddable":true,"href":"http:\/\/xn--bernhardstber-kfb.de\/index.php?rest_route=\/wp\/v2\/users\/1"}],"replies":[{"embeddable":true,"href":"http:\/\/xn--bernhardstber-kfb.de\/index.php?rest_route=%2Fwp%2Fv2%2Fcomments&post=18"}],"version-history":[{"count":26,"href":"http:\/\/xn--bernhardstber-kfb.de\/index.php?rest_route=\/wp\/v2\/pages\/18\/revisions"}],"predecessor-version":[{"id":243,"href":"http:\/\/xn--bernhardstber-kfb.de\/index.php?rest_route=\/wp\/v2\/pages\/18\/revisions\/243"}],"wp:attachment":[{"href":"http:\/\/xn--bernhardstber-kfb.de\/index.php?rest_route=%2Fwp%2Fv2%2Fmedia&parent=18"}],"curies":[{"name":"wp","href":"https:\/\/api.w.org\/{rel}","templated":true}]}}